{"id":290,"date":"2017-10-17T13:38:44","date_gmt":"2017-10-17T13:38:44","guid":{"rendered":"http:\/\/s316935929.online.de\/?page_id=290"},"modified":"2021-06-28T13:20:08","modified_gmt":"2021-06-28T13:20:08","slug":"projektmarketing","status":"publish","type":"page","link":"https:\/\/rederergmbh.de\/?page_id=290","title":{"rendered":"Projektmarketing"},"content":{"rendered":"<p>Folgend haben wir f\u00fcr Sie eine<strong> beispielhafte<\/strong> Auswahl des durch REDERER CONSULTANTS europaweit realisierten und\/oder erarbeiteten Projektmarketings zusammengestellt :<\/p>\n<p>&nbsp;<\/p>\n<p><img loading=\"lazy\" decoding=\"async\" class=\"alignleft wp-image-379 size-full\" src=\"http:\/\/rederergmbh.de\/wp-content\/uploads\/2017\/10\/Schwarz_Rot_Gold.svg_-e1508313873628.png\" alt=\"\" width=\"125\" height=\"75\" \/><\/p>\n<p>&nbsp;<\/p>\n<p>&nbsp;<\/p>\n<p><span style=\"color: #ff0000;\"><strong>\u00a0<\/strong><\/span><\/p>\n<p><strong>Marketing zweier zusammenh\u00e4ngender City-Immobilien in der Altstadt von\u00a0 Guben<br \/>\n<\/strong><\/p>\n<figure id=\"attachment_480\" aria-describedby=\"caption-attachment-480\" style=\"width: 1280px\" class=\"wp-caption aligncenter\"><img loading=\"lazy\" decoding=\"async\" class=\"wp-image-480 size-full\" src=\"http:\/\/rederergmbh.de\/wp-content\/uploads\/2018\/03\/IMG_4191-II.jpg\" alt=\"\" width=\"1280\" height=\"853\" srcset=\"https:\/\/rederergmbh.de\/wp-content\/uploads\/2018\/03\/IMG_4191-II.jpg 1280w, https:\/\/rederergmbh.de\/wp-content\/uploads\/2018\/03\/IMG_4191-II-300x200.jpg 300w, https:\/\/rederergmbh.de\/wp-content\/uploads\/2018\/03\/IMG_4191-II-768x512.jpg 768w, https:\/\/rederergmbh.de\/wp-content\/uploads\/2018\/03\/IMG_4191-II-1024x682.jpg 1024w\" sizes=\"(max-width: 706px) 89vw, (max-width: 767px) 82vw, 740px\" \/><figcaption id=\"caption-attachment-480\" class=\"wp-caption-text\">Marketing zweier zusammnh\u00e4ngender City-Immobilien in der Altstadt von Guben<\/figcaption><\/figure>\n<p>Zwei Mehrfamilienh\u00e4user in absoluter Citylage der Altstadt mit insgesamt 7 WE und einer Gewerbeeinheit sowie Stellpl\u00e4tzen im Innenhof wurden erfolgreich vermarktet.<\/p>\n<figure id=\"attachment_481\" aria-describedby=\"caption-attachment-481\" style=\"width: 525px\" class=\"wp-caption aligncenter\"><img loading=\"lazy\" decoding=\"async\" class=\"wp-image-481 size-large\" src=\"http:\/\/rederergmbh.de\/wp-content\/uploads\/2018\/03\/IMG_4200-682x1024.jpg\" alt=\"\" width=\"525\" height=\"788\" srcset=\"https:\/\/rederergmbh.de\/wp-content\/uploads\/2018\/03\/IMG_4200.jpg 682w, https:\/\/rederergmbh.de\/wp-content\/uploads\/2018\/03\/IMG_4200-200x300.jpg 200w\" sizes=\"(max-width: 525px) 100vw, 525px\" \/><figcaption id=\"caption-attachment-481\" class=\"wp-caption-text\">Marketing zweier zusammnh\u00e4ngender City-Immobilien in der Altstadt von Guben<\/figcaption><\/figure>\n<p>Dieser Teil der Frankfurter Str. ist eine verkehrsberuhigte Gesch\u00e4ftsstra\u00dfe in 1A-Lage, gepr\u00e4gt von Wohn- und Gesch\u00e4ftsh\u00e4usern, Einzelhandelsgesch\u00e4ften sowie Caf\u00e9s und Restaurants. Dies ist die eigentliche Einkaufsmeile der Innenstadt, die durch Begr\u00fcnung, B\u00e4nke und Au\u00dfengastronomie aufgelockert wird.\u00a0 Sie ist mit Kopfsteinpflaster gepflastert und beidseitig mit Parkbuchten und Gehwegen versehen.<\/p>\n<figure id=\"attachment_479\" aria-describedby=\"caption-attachment-479\" style=\"width: 525px\" class=\"wp-caption aligncenter\"><img loading=\"lazy\" decoding=\"async\" class=\"wp-image-479 size-large\" src=\"http:\/\/rederergmbh.de\/wp-content\/uploads\/2018\/03\/IMG_4189-682x1024.jpg\" alt=\"\" width=\"525\" height=\"788\" srcset=\"https:\/\/rederergmbh.de\/wp-content\/uploads\/2018\/03\/IMG_4189.jpg 682w, https:\/\/rederergmbh.de\/wp-content\/uploads\/2018\/03\/IMG_4189-200x300.jpg 200w\" sizes=\"(max-width: 525px) 100vw, 525px\" \/><figcaption id=\"caption-attachment-479\" class=\"wp-caption-text\">Marketing zweier zusammnh\u00e4ngender City-Immobilien in der Altstadt von Guben<\/figcaption><\/figure>\n<p>&nbsp;<\/p>\n<p><img loading=\"lazy\" decoding=\"async\" class=\"alignleft wp-image-379 size-full\" src=\"http:\/\/rederergmbh.de\/wp-content\/uploads\/2017\/10\/Schwarz_Rot_Gold.svg_-e1508313873628.png\" alt=\"\" width=\"125\" height=\"75\" \/><\/p>\n<p>&nbsp;<\/p>\n<p>&nbsp;<\/p>\n<p><strong>Projektmarketing Quartier-A-S\u00fcd, zwischen &#8222;W\u00f6hrl-Plaza&#8220; und &#8222;Hertie&#8220;, <\/strong><strong>Dresden, Deutschland<\/strong><\/p>\n<p>Aufgabenstellung war die Vermarktung eines als B\u00fcro- und Einkaufszentrum mit Passage und separatem Wohnanteil geplanten Objektes &#8222;Quartier-A-S\u00fcd&#8220;, in allerbester City-Lage, mitten in der Dresdner Innenstadt an der Fug\u00e4ngerzone &#8222;Prager Strasse&#8220;.<\/p>\n<figure id=\"attachment_305\" aria-describedby=\"caption-attachment-305\" style=\"width: 300px\" class=\"wp-caption aligncenter\"><img loading=\"lazy\" decoding=\"async\" class=\"wp-image-305 size-full\" src=\"http:\/\/rederergmbh.de\/wp-content\/uploads\/2017\/10\/Quartier-A-S\u00fcd-W\u00f6hrl-Plaza-Modell.jpg\" alt=\"\" width=\"300\" height=\"212\" \/><figcaption id=\"caption-attachment-305\" class=\"wp-caption-text\">Projektmarketing Quartier-A-S\u00fcd, zwischen &#8222;W\u00f6hrl-Plaza&#8220; und &#8222;Hertie&#8220; &#8211; Dresden, Deutschland &#8211; Rederer Consultants GmbH<\/figcaption><\/figure>\n<p>Erstellt werden 28.000 qm Bruttogeschossfl\u00e4che auf drei Unter- sowie f\u00fcnf Obergeschossen, 180 Stellpl\u00e4tze in der Tiefgarage.<\/p>\n<p>Objekt 1 setzt sich zusammen aus insgesamt 14.950,00 qm reine Nutzfl\u00e4che, aufgeteilt auf 11.300,00 qm Verkaufsfl\u00e4che, 3.150,00 qm B\u00fcrofl\u00e4che und 500,00 qm Technikr\u00e4ume, auf sechs Ober- und drei Untergeschossen.<\/p>\n<p>Objekt 2 umfasst insgesamt 3.795,00 qm reine Nutzfl\u00e4che, augeteilt auf 1.420,00 qm Verkaufsfl\u00e4che und 2.375.00 qm B\u00fcrofl\u00e4che sowie Nebenfl\u00e4chen.<\/p>\n<p>Die Aufgabenstellung wurde erfolgreich bew\u00e4ltigt.<\/p>\n<p>Das fertiggestellte Projekt wurde an die Fondsgesellschaft einer gro\u00dfen deutschen Versicherung verkauft.<\/p>\n<figure id=\"attachment_304\" aria-describedby=\"caption-attachment-304\" style=\"width: 382px\" class=\"wp-caption aligncenter\"><img loading=\"lazy\" decoding=\"async\" class=\"wp-image-304 size-full\" src=\"http:\/\/rederergmbh.de\/wp-content\/uploads\/2017\/10\/Quartier-A-S\u00fcd-W\u00f6hrl-Plaza-II-1.jpg\" alt=\"\" width=\"382\" height=\"286\" srcset=\"https:\/\/rederergmbh.de\/wp-content\/uploads\/2017\/10\/Quartier-A-S\u00fcd-W\u00f6hrl-Plaza-II-1.jpg 382w, https:\/\/rederergmbh.de\/wp-content\/uploads\/2017\/10\/Quartier-A-S\u00fcd-W\u00f6hrl-Plaza-II-1-300x225.jpg 300w\" sizes=\"(max-width: 382px) 100vw, 382px\" \/><figcaption id=\"caption-attachment-304\" class=\"wp-caption-text\">Projektmarketing Quartier-A-S\u00fcd, zwischen &#8222;W\u00f6hrl-Plaza&#8220; und &#8222;Hertie&#8220; &#8211; Dresden, Deutschland &#8211; Rederer Consultants GmbH<\/figcaption><\/figure>\n<p>&nbsp;<\/p>\n<hr \/>\n<p>&nbsp;<\/p>\n<p><img loading=\"lazy\" decoding=\"async\" class=\"alignleft wp-image-379 size-full\" src=\"http:\/\/rederergmbh.de\/wp-content\/uploads\/2017\/10\/Schwarz_Rot_Gold.svg_-e1508313873628.png\" alt=\"\" width=\"125\" height=\"75\" \/><\/p>\n<p>&nbsp;<\/p>\n<p>&nbsp;<\/p>\n<p>&nbsp;<\/p>\n<p><strong>Projektmarketing Medizinisches Zentrum, Herford, Deutschland<\/strong><\/p>\n<p>Aufgabenstellung war die Entwicklung einer Verkaufskonzeption f\u00fcr ein medizinisches Kompetenzzentrum f\u00fcr die Fachrichtungen Orthop\u00e4die, Chirurgie, Schmerztherapie, plastische Chirurgie, Neurochirurgie, Urologie, Zahnarzt und Kieferchirurgie, den Abteilungen MRT, CT und nuklearnedizin der Radiologie sowie einem \u00c4rztlichen Notfalldienst.<\/p>\n<figure id=\"attachment_331\" aria-describedby=\"caption-attachment-331\" style=\"width: 564px\" class=\"wp-caption alignnone\"><img loading=\"lazy\" decoding=\"async\" class=\"wp-image-331 size-full\" src=\"http:\/\/rederergmbh.de\/wp-content\/uploads\/2017\/10\/Praxisklinik-Herford-Geb\u00e4ude.jpg\" alt=\"\" width=\"564\" height=\"391\" srcset=\"https:\/\/rederergmbh.de\/wp-content\/uploads\/2017\/10\/Praxisklinik-Herford-Geb\u00e4ude.jpg 564w, https:\/\/rederergmbh.de\/wp-content\/uploads\/2017\/10\/Praxisklinik-Herford-Geb\u00e4ude-300x208.jpg 300w\" sizes=\"(max-width: 564px) 100vw, 564px\" \/><figcaption id=\"caption-attachment-331\" class=\"wp-caption-text\">Projektmarketing Medizinisches Zentrum &#8211; Herford, Deutschland &#8211; Rederer Consultants GmbH<\/figcaption><\/figure>\n<p>Das Objekt weist eine reine Nutzfl\u00e4che von 4.950,00 qm auf f\u00fcnf Geschossen auf, bestehend aus<\/p>\n<p>&#8211;\u00a0 OP-Zentrum mit drei OP-S\u00e4len, Aufwachraum und An\u00e4sthesie<br \/>\n&#8211;\u00a0 Bettenstation mit 20 Betten in 1-. 2- und 3-Bett-Zimmern<br \/>\n&#8211;\u00a0 Physiotherapie<br \/>\n&#8211;\u00a0 Fitnesscenter<br \/>\n&#8211;\u00a0 Apotheke<br \/>\n&#8211;\u00a0 Sanit\u00e4tshaus<br \/>\n&#8211;\u00a0 Orthop\u00e4die-Technik<br \/>\n&#8211;\u00a0 Cafeteria<\/p>\n<p>Das Bestandsobjekt wurde an eine deutsche Fondsgesellschaft &#8211; Tochtergesellschaft einer deutschen Bank &#8211; verkauft.<\/p>\n<p>&nbsp;<\/p>\n<hr \/>\n<p>&nbsp;<\/p>\n<p><img loading=\"lazy\" decoding=\"async\" class=\"alignleft wp-image-379 size-full\" src=\"http:\/\/rederergmbh.de\/wp-content\/uploads\/2017\/10\/Schwarz_Rot_Gold.svg_-e1508313873628.png\" alt=\"\" width=\"125\" height=\"75\" \/><\/p>\n<p>&nbsp;<\/p>\n<p>&nbsp;<\/p>\n<p><strong>Projektmarketing Marina &#8222;Wasserpark Wildau&#8220;, Wildau bei Berlin, Deutschland<\/strong><\/p>\n<p>In Kooperation mit dem von uns sehr verehrten, \u00fcberregional bekannten und hochrenommierten Architekten Herrn Wilfried Beck-Erlang, Stuttgart, wurde REDERER CONSULTANTS beauftragt, eine Vertriebskonzeption f\u00fcr das Projekt &#8222;Wasserpark Wildau&#8220; zu entwickeln.<\/p>\n<p>Unmittelbar am Zeuthener See, umgeben von W\u00e4ldern, entsteht vor den Toren der Hauptstadt Berlin mit einem Investitionsvolumen von ca. 50,0 Mio. Euro auf einer Gesamtfl\u00e4che von ca. 70.000,00 qm eine echte Marina, die bei dem Betrachter Urlaubseindr\u00fccke aus Florida weckt.<\/p>\n<figure id=\"attachment_332\" aria-describedby=\"caption-attachment-332\" style=\"width: 339px\" class=\"wp-caption aligncenter\"><img loading=\"lazy\" decoding=\"async\" class=\"wp-image-332 size-full\" src=\"http:\/\/rederergmbh.de\/wp-content\/uploads\/2017\/10\/Wildau-Skizze-A-B-Neu-e1508317309164.jpg\" alt=\"\" width=\"339\" height=\"487\" srcset=\"https:\/\/rederergmbh.de\/wp-content\/uploads\/2017\/10\/Wildau-Skizze-A-B-Neu-e1508317309164.jpg 339w, https:\/\/rederergmbh.de\/wp-content\/uploads\/2017\/10\/Wildau-Skizze-A-B-Neu-e1508317309164-209x300.jpg 209w\" sizes=\"(max-width: 339px) 100vw, 339px\" \/><figcaption id=\"caption-attachment-332\" class=\"wp-caption-text\">Projektmarketing Marina &#8222;Wasserpark Wildau&#8220; &#8211; Wildau bei Berlin, Deutschland &#8211; Rederer Consultants GmbH<\/figcaption><\/figure>\n<p>Geplant ist ein Mix aus Einzelh\u00e4usern, Reihenh\u00e4usern und Wohnungen, die jeweiligen Nutzfl\u00e4chen belaufen sich auf 63,00, 76,00, 102,00 und 123,00 qm. S\u00e4mtliche H\u00e4user werden sowohl mit Solarnutzung als auch mit Dachg\u00e4rten geplant. Jeder Wohnbereich verf\u00fcgt \u00fcber eine Wasserpark- Uferzone mit Bootsanlegestelle in unmittelbarer N\u00e4he, alle erforderlichen Br\u00fcckenaufg\u00e4nge sind rollstuhlgerecht angelegt.<\/p>\n<p>Der gewerbliche nutzbare Bereich innerhalb des Planbereiches A umfa\u00dft:<br \/>\n&#8211;\u00a0 Anlagestelle f\u00fcr Rundfahrtschiffe im Uferbereich der Dahme<br \/>\n&#8211;\u00a0 Restaurant, Cafe und &#8222;Hafenbar&#8220;<br \/>\n&#8211;\u00a0 Nahversorgung Bank, Post, Reiseb\u00fcro, Boots- und Fahrradverleih<br \/>\n&#8211;\u00a0 Hotellerie mit medizinischem Zentrum (Sch\u00f6nheits- und Dentalchirurgie)<br \/>\n&#8211;\u00a0 Clubhaus mit Konferenz und G\u00e4stezimmern<br \/>\n&#8211;\u00a0 Kinderspielplatz<\/p>\n<p>Zu unserem tiefsten Bedauern verstarb Herr Beck-Erlang, ohne die Fortschritte dieses Projektes erleben zu k\u00f6nnen. Aus diesem Grund sieht sich auch unser Haus nicht mehr in der Lage, unsere diesbez\u00fcgliche T\u00e4tigkeit fortzusetzen.<\/p>\n<p>Weiterhin betreut wird dieses Projekt von: Schw\u00e4bische Beteiligungs GmbH, office@sbg-s.de.<\/p>\n<p>&nbsp;<\/p>\n<hr \/>\n<p>&nbsp;<\/p>\n<p><img loading=\"lazy\" decoding=\"async\" class=\"alignnone wp-image-381 size-full\" src=\"http:\/\/rederergmbh.de\/wp-content\/uploads\/2017\/10\/Griechische-Flagge-e1508317151490.png\" alt=\"\" width=\"125\" height=\"83\" \/><\/p>\n<p><strong>Projektmarketing Ferienwohnanlage Menidi, Griechenland<\/strong><\/p>\n<p>Augabenstellung war die Entwicklung einer Verkaufskonzeption f\u00fcr eine Ferienwohnanlage in Menidi, Griechenland.<\/p>\n<p>Menidi liegt nahe der Stadt Preveza, am Amvrakischen Golf, dort, wo sich das Ionische Meer einen schmalen Weg in das Inland gebahnt hat.<\/p>\n<figure id=\"attachment_334\" aria-describedby=\"caption-attachment-334\" style=\"width: 292px\" class=\"wp-caption aligncenter\"><img loading=\"lazy\" decoding=\"async\" class=\"wp-image-334 size-full\" src=\"http:\/\/rederergmbh.de\/wp-content\/uploads\/2017\/10\/Menidi-Amvrakischer-Golf.jpg\" alt=\"\" width=\"292\" height=\"202\" \/><figcaption id=\"caption-attachment-334\" class=\"wp-caption-text\">Projektmarketing Ferienwohnanlage &#8211; Menidi, Griechenland &#8211; Rederer Consultants GmbH<\/figcaption><\/figure>\n<p>Die Ferienwohnanlage liegt oberhalb der Stadt Menidi, in Hanglage am Berg, und besteht aus 40 Wohneinheiten in der Gr\u00f6\u00dfe zwischen 50,00 und 65,00 qm.<\/p>\n<p>Zu jeder Wohneinheit geh\u00f6rt ein Abstellraum sowie ein Tiefgaragenstellplatz. Die Bauausf\u00fchrung entspricht deutschem Standard, z.B. &#8222;Stein auf Stein&#8220;, Bodenbelag wahlweise italienische Fliesen oder griechischer Marmor, Aluminiumschiebet\u00fcranlagen neuester Bauart einschlie\u00dflich integriertem Fliegenschutzgitter, Einbauk\u00fcchen und Einbauschr\u00e4nke, beides im Preis inbegriffen.<\/p>\n<figure id=\"attachment_335\" aria-describedby=\"caption-attachment-335\" style=\"width: 663px\" class=\"wp-caption aligncenter\"><img loading=\"lazy\" decoding=\"async\" class=\"wp-image-335 size-full\" src=\"http:\/\/rederergmbh.de\/wp-content\/uploads\/2017\/10\/Menidi-Planansicht.jpg\" alt=\"\" width=\"663\" height=\"157\" srcset=\"https:\/\/rederergmbh.de\/wp-content\/uploads\/2017\/10\/Menidi-Planansicht.jpg 663w, https:\/\/rederergmbh.de\/wp-content\/uploads\/2017\/10\/Menidi-Planansicht-300x71.jpg 300w\" sizes=\"(max-width: 663px) 100vw, 663px\" \/><figcaption id=\"caption-attachment-335\" class=\"wp-caption-text\">Projektmarketing Ferienwohnanlage &#8211; Menidi, Griechenland &#8211; Rederer Consultants GmbH<\/figcaption><\/figure>\n<p>Die Ma\u00dfnahme ist noch nicht vollst\u00e4ndig abgeschlossen.<\/p>\n<p>&nbsp;<\/p>\n<hr \/>\n<p><img loading=\"lazy\" decoding=\"async\" class=\"alignleft wp-image-379 size-full\" src=\"http:\/\/rederergmbh.de\/wp-content\/uploads\/2017\/10\/Schwarz_Rot_Gold.svg_-e1508313873628.png\" alt=\"\" width=\"125\" height=\"75\" \/><\/p>\n<p>&nbsp;<\/p>\n<p>&nbsp;<\/p>\n<p><strong>Marketing Mehrfamilienwohnanlage in Paderborn<\/strong><\/p>\n<p>Das Objekt wurde durch unsere Tochtergesellschaft GEG &#8211; Grundst\u00fccksentwicklungsgesellschaft mbH erfolgreich vermarktet.<\/p>\n<p><img loading=\"lazy\" decoding=\"async\" class=\"alignnone wp-image-324 size-large\" src=\"http:\/\/rederergmbh.de\/wp-content\/uploads\/2017\/10\/GEG_LOGO-1024x369.jpg\" alt=\"\" width=\"525\" height=\"189\" srcset=\"https:\/\/rederergmbh.de\/wp-content\/uploads\/2017\/10\/GEG_LOGO-1024x369.jpg 1024w, https:\/\/rederergmbh.de\/wp-content\/uploads\/2017\/10\/GEG_LOGO-300x108.jpg 300w, https:\/\/rederergmbh.de\/wp-content\/uploads\/2017\/10\/GEG_LOGO-768x277.jpg 768w, https:\/\/rederergmbh.de\/wp-content\/uploads\/2017\/10\/GEG_LOGO.jpg 1920w\" sizes=\"(max-width: 525px) 100vw, 525px\" \/><\/p>\n<figure id=\"attachment_336\" aria-describedby=\"caption-attachment-336\" style=\"width: 850px\" class=\"wp-caption alignnone\"><img loading=\"lazy\" decoding=\"async\" class=\"wp-image-336 size-full\" src=\"http:\/\/rederergmbh.de\/wp-content\/uploads\/2017\/10\/Paderborn-MFH-1.jpg\" alt=\"\" width=\"850\" height=\"479\" srcset=\"https:\/\/rederergmbh.de\/wp-content\/uploads\/2017\/10\/Paderborn-MFH-1.jpg 850w, https:\/\/rederergmbh.de\/wp-content\/uploads\/2017\/10\/Paderborn-MFH-1-300x169.jpg 300w, https:\/\/rederergmbh.de\/wp-content\/uploads\/2017\/10\/Paderborn-MFH-1-768x433.jpg 768w\" sizes=\"(max-width: 706px) 89vw, (max-width: 767px) 82vw, 740px\" \/><figcaption id=\"caption-attachment-336\" class=\"wp-caption-text\">Marketing Mehrfamilienwohnanlage &#8211; Paderborn, Deutschland &#8211; Rederer Consultants GmbH<\/figcaption><\/figure>\n<figure id=\"attachment_337\" aria-describedby=\"caption-attachment-337\" style=\"width: 850px\" class=\"wp-caption alignnone\"><img loading=\"lazy\" decoding=\"async\" class=\"wp-image-337 size-full\" src=\"http:\/\/rederergmbh.de\/wp-content\/uploads\/2017\/10\/Paderborn-MFH-2.jpg\" alt=\"\" width=\"850\" height=\"638\" srcset=\"https:\/\/rederergmbh.de\/wp-content\/uploads\/2017\/10\/Paderborn-MFH-2.jpg 850w, https:\/\/rederergmbh.de\/wp-content\/uploads\/2017\/10\/Paderborn-MFH-2-300x225.jpg 300w, https:\/\/rederergmbh.de\/wp-content\/uploads\/2017\/10\/Paderborn-MFH-2-768x576.jpg 768w\" sizes=\"(max-width: 706px) 89vw, (max-width: 767px) 82vw, 740px\" \/><figcaption id=\"caption-attachment-337\" class=\"wp-caption-text\">Marketing Mehrfamilienwohnanlage &#8211; Paderborn, Deutschland &#8211; Rederer Consultants GmbH<\/figcaption><\/figure>\n<p>&nbsp;<\/p>\n<p><a href=\"http:\/\/rederergmbh.de\/regenerative-energie\"><img loading=\"lazy\" decoding=\"async\" class=\"alignright size-thumbnail wp-image-431\" src=\"http:\/\/rederergmbh.de\/wp-content\/uploads\/2018\/03\/post-it-VOR-150x150.jpg\" alt=\"\" width=\"150\" height=\"150\" srcset=\"https:\/\/rederergmbh.de\/wp-content\/uploads\/2018\/03\/post-it-VOR-150x150.jpg 150w, https:\/\/rederergmbh.de\/wp-content\/uploads\/2018\/03\/post-it-VOR-300x300.jpg 300w, https:\/\/rederergmbh.de\/wp-content\/uploads\/2018\/03\/post-it-VOR-768x768.jpg 768w, https:\/\/rederergmbh.de\/wp-content\/uploads\/2018\/03\/post-it-VOR-1024x1024.jpg 1024w, https:\/\/rederergmbh.de\/wp-content\/uploads\/2018\/03\/post-it-VOR-100x100.jpg 100w, https:\/\/rederergmbh.de\/wp-content\/uploads\/2018\/03\/post-it-VOR.jpg 1920w\" sizes=\"(max-width: 150px) 100vw, 150px\" \/><\/a><\/p>\n","protected":false},"excerpt":{"rendered":"<p>Folgend haben wir f\u00fcr Sie eine beispielhafte Auswahl des durch REDERER CONSULTANTS europaweit realisierten und\/oder erarbeiteten Projektmarketings zusammengestellt : &nbsp; &nbsp; &nbsp; \u00a0 Marketing zweier zusammenh\u00e4ngender City-Immobilien in der Altstadt von\u00a0 Guben Zwei Mehrfamilienh\u00e4user in absoluter Citylage der Altstadt mit insgesamt 7 WE und einer Gewerbeeinheit sowie Stellpl\u00e4tzen im Innenhof wurden erfolgreich vermarktet. Dieser Teil &hellip; <\/p>\n<p class=\"link-more\"><a href=\"https:\/\/rederergmbh.de\/?page_id=290\" class=\"more-link\"><span class=\"screen-reader-text\">\u201eProjektmarketing\u201c<\/span> weiterlesen<\/a><\/p>\n","protected":false},"author":1,"featured_media":500,"parent":288,"menu_order":4300,"comment_status":"closed","ping_status":"closed","template":"","meta":{"footnotes":""},"_links":{"self":[{"href":"https:\/\/rederergmbh.de\/index.php?rest_route=\/wp\/v2\/pages\/290"}],"collection":[{"href":"https:\/\/rederergmbh.de\/index.php?rest_route=\/wp\/v2\/pages"}],"about":[{"href":"https:\/\/rederergmbh.de\/index.php?rest_route=\/wp\/v2\/types\/page"}],"author":[{"embeddable":true,"href":"https:\/\/rederergmbh.de\/index.php?rest_route=\/wp\/v2\/users\/1"}],"replies":[{"embeddable":true,"href":"https:\/\/rederergmbh.de\/index.php?rest_route=%2Fwp%2Fv2%2Fcomments&post=290"}],"version-history":[{"count":37,"href":"https:\/\/rederergmbh.de\/index.php?rest_route=\/wp\/v2\/pages\/290\/revisions"}],"predecessor-version":[{"id":662,"href":"https:\/\/rederergmbh.de\/index.php?rest_route=\/wp\/v2\/pages\/290\/revisions\/662"}],"up":[{"embeddable":true,"href":"https:\/\/rederergmbh.de\/index.php?rest_route=\/wp\/v2\/pages\/288"}],"wp:featuredmedia":[{"embeddable":true,"href":"https:\/\/rederergmbh.de\/index.php?rest_route=\/wp\/v2\/media\/500"}],"wp:attachment":[{"href":"https:\/\/rederergmbh.de\/index.php?rest_route=%2Fwp%2Fv2%2Fmedia&parent=290"}],"curies":[{"name":"wp","href":"https:\/\/api.w.org\/{rel}","templated":true}]}}