{"id":57,"date":"2017-10-16T14:38:49","date_gmt":"2017-10-16T14:38:49","guid":{"rendered":"http:\/\/s316935929.online.de\/?page_id=57"},"modified":"2024-05-02T19:20:08","modified_gmt":"2024-05-02T19:20:08","slug":"historie","status":"publish","type":"page","link":"https:\/\/rederergmbh.de\/?page_id=57","title":{"rendered":"Historie"},"content":{"rendered":"<p><span style=\"font-family: helvetica,arial,sans-serif; font-size: 12pt;\">Die REDERER CONSULTANTS &#8211; Beratungsgesellschaft f\u00fcr industrielle und gewerbliche Grundbesitzinvestitionen mbH basiert auf der Kompetenz und dem Know-how einer erfolgreichen, fast 30-j\u00e4hrigen Marktpr\u00e4senz des nunmehr in dieser Gesellschaft vereinigten Fachwissens der Unternehmen GVG mbH (gegr\u00fcndet 1989), Bielefeld, und Rederer &amp; Partner GbR, Bielefeld \/ Frankfurt am Main.<\/span><\/p>\n<p><span style=\"font-family: helvetica,arial,sans-serif; font-size: 12pt;\">Als kleines, mittelst\u00e4ndisches und hochspezialisiertes Unternehmen st\u00f6\u00dft REDERER CONSULTANTS seit Jahren in Segmente vor, die in der Regel nur Gesellschaften mit gro\u00dfen, weltweiten Organisationsstrukturen (&#8222;global players&#8220;) vorbehalten sind.<\/span><\/p>\n<p><span style=\"font-family: helvetica,arial,sans-serif; font-size: 12pt;\">Das Volumen der geleisteten Optimierungen dokumentierte sich in den &#8211; auf Wirtschaftspr\u00fcfertestaten basierdenden &#8211; bundesweiten &#8222;Rankings&#8220;, die seitens der Fachzeitschrift IMMOBILIEN-MANAGER in den vergangenen Jahren ver\u00f6ffentlicht wurden, durch Pl\u00e4tze unter den &#8222;Top Twenty&#8220; sowie Transaktionsvolumina von bis zu 50,0 Mio. Euro.<\/span><\/p>\n<p>&nbsp;<\/p>\n<figure id=\"attachment_362\" aria-describedby=\"caption-attachment-362\" style=\"width: 525px\" class=\"wp-caption aligncenter\"><img loading=\"lazy\" decoding=\"async\" class=\"wp-image-362 size-large\" src=\"http:\/\/rederergmbh.de\/wp-content\/uploads\/2017\/10\/Immo_Manager_Transaktionsvolumen-1024x998.jpg\" alt=\"\" width=\"525\" height=\"512\" srcset=\"https:\/\/rederergmbh.de\/wp-content\/uploads\/2017\/10\/Immo_Manager_Transaktionsvolumen-1024x998.jpg 1024w, https:\/\/rederergmbh.de\/wp-content\/uploads\/2017\/10\/Immo_Manager_Transaktionsvolumen-300x292.jpg 300w, https:\/\/rederergmbh.de\/wp-content\/uploads\/2017\/10\/Immo_Manager_Transaktionsvolumen-768x748.jpg 768w\" sizes=\"(max-width: 525px) 100vw, 525px\" \/><figcaption id=\"caption-attachment-362\" class=\"wp-caption-text\">Ranking Immobilien Manager<\/figcaption><\/figure>\n<p>&nbsp;<\/p>\n<p><a href=\"https:\/\/rederergmbh.de\/?page_id=35\"><img loading=\"lazy\" decoding=\"async\" class=\"size-thumbnail wp-image-431 alignright\" src=\"http:\/\/rederergmbh.de\/wp-content\/uploads\/2018\/03\/post-it-VOR-150x150.jpg\" alt=\"\" width=\"150\" height=\"150\" srcset=\"https:\/\/rederergmbh.de\/wp-content\/uploads\/2018\/03\/post-it-VOR-150x150.jpg 150w, https:\/\/rederergmbh.de\/wp-content\/uploads\/2018\/03\/post-it-VOR-300x300.jpg 300w, https:\/\/rederergmbh.de\/wp-content\/uploads\/2018\/03\/post-it-VOR-768x768.jpg 768w, https:\/\/rederergmbh.de\/wp-content\/uploads\/2018\/03\/post-it-VOR-1024x1024.jpg 1024w, https:\/\/rederergmbh.de\/wp-content\/uploads\/2018\/03\/post-it-VOR-100x100.jpg 100w, https:\/\/rederergmbh.de\/wp-content\/uploads\/2018\/03\/post-it-VOR.jpg 1920w\" sizes=\"(max-width: 150px) 100vw, 150px\" \/><\/a><\/p>\n","protected":false},"excerpt":{"rendered":"<p>Die REDERER CONSULTANTS &#8211; Beratungsgesellschaft f\u00fcr industrielle und gewerbliche Grundbesitzinvestitionen mbH basiert auf der Kompetenz und dem Know-how einer erfolgreichen, fast 30-j\u00e4hrigen Marktpr\u00e4senz des nunmehr in dieser Gesellschaft vereinigten Fachwissens der Unternehmen GVG mbH (gegr\u00fcndet 1989), Bielefeld, und Rederer &amp; Partner GbR, Bielefeld \/ Frankfurt am Main. Als kleines, mittelst\u00e4ndisches und hochspezialisiertes Unternehmen st\u00f6\u00dft REDERER &hellip; <\/p>\n<p class=\"link-more\"><a href=\"https:\/\/rederergmbh.de\/?page_id=57\" class=\"more-link\"><span class=\"screen-reader-text\">\u201eHistorie\u201c<\/span> weiterlesen<\/a><\/p>\n","protected":false},"author":1,"featured_media":502,"parent":0,"menu_order":2000,"comment_status":"closed","ping_status":"closed","template":"","meta":{"footnotes":""},"_links":{"self":[{"href":"https:\/\/rederergmbh.de\/index.php?rest_route=\/wp\/v2\/pages\/57"}],"collection":[{"href":"https:\/\/rederergmbh.de\/index.php?rest_route=\/wp\/v2\/pages"}],"about":[{"href":"https:\/\/rederergmbh.de\/index.php?rest_route=\/wp\/v2\/types\/page"}],"author":[{"embeddable":true,"href":"https:\/\/rederergmbh.de\/index.php?rest_route=\/wp\/v2\/users\/1"}],"replies":[{"embeddable":true,"href":"https:\/\/rederergmbh.de\/index.php?rest_route=%2Fwp%2Fv2%2Fcomments&post=57"}],"version-history":[{"count":22,"href":"https:\/\/rederergmbh.de\/index.php?rest_route=\/wp\/v2\/pages\/57\/revisions"}],"predecessor-version":[{"id":679,"href":"https:\/\/rederergmbh.de\/index.php?rest_route=\/wp\/v2\/pages\/57\/revisions\/679"}],"wp:featuredmedia":[{"embeddable":true,"href":"https:\/\/rederergmbh.de\/index.php?rest_route=\/wp\/v2\/media\/502"}],"wp:attachment":[{"href":"https:\/\/rederergmbh.de\/index.php?rest_route=%2Fwp%2Fv2%2Fmedia&parent=57"}],"curies":[{"name":"wp","href":"https:\/\/api.w.org\/{rel}","templated":true}]}}