{"id":636,"date":"2019-08-22T13:08:08","date_gmt":"2019-08-22T13:08:08","guid":{"rendered":"http:\/\/rederergmbh.de\/?page_id=636"},"modified":"2023-09-06T22:49:23","modified_gmt":"2023-09-06T22:49:23","slug":"verwaltung","status":"publish","type":"page","link":"https:\/\/rederergmbh.de\/?page_id=636","title":{"rendered":"Verwaltung"},"content":{"rendered":"\n<div class=\"wp-block-columns is-layout-flex wp-container-core-columns-is-layout-1 wp-block-columns-is-layout-flex\">\n<div class=\"wp-block-column is-layout-flow wp-block-column-is-layout-flow\" style=\"flex-basis:100%\">\n<div class=\"wp-block-group\"><div class=\"wp-block-group__inner-container is-layout-constrained wp-block-group-is-layout-constrained\">\n<p>Wir freuen uns, mitteilen zu k\u00f6nnen, da\u00df wir unser Gesch\u00e4ftsfeld synergetisch um die Immobilienverwaltung und das Immobilienmanagement durch eine Kooperation erg\u00e4nzt haben.<\/p>\n<p>Diesen T\u00e4tigkeitsbereich \u00fcbernimmt ab sofort die<\/p>\n<p><img loading=\"lazy\" decoding=\"async\" class=\"alignleft wp-image-637 size-large\" src=\"http:\/\/rederergmbh.de\/wp-content\/uploads\/2019\/08\/Backround_Image_LOGO_II-1024x238.jpg\" alt=\"\" width=\"525\" height=\"122\" srcset=\"https:\/\/rederergmbh.de\/wp-content\/uploads\/2019\/08\/Backround_Image_LOGO_II-1024x238.jpg 1024w, https:\/\/rederergmbh.de\/wp-content\/uploads\/2019\/08\/Backround_Image_LOGO_II-300x70.jpg 300w, https:\/\/rederergmbh.de\/wp-content\/uploads\/2019\/08\/Backround_Image_LOGO_II-768x179.jpg 768w\" sizes=\"(max-width: 525px) 100vw, 525px\" \/><\/p>\n<p>&nbsp;<\/p>\n<p>&nbsp;<\/p>\n<p>&nbsp;<\/p>\n<p>Entstanden ist diese Kooperation aus der langj\u00e4hrigen und vertrauensvollen Zusammenarbeit der Unternehmen Hausverwaltung Teuto &#8211; Thomas Bitter, Bielefeld, gegr\u00fcndet im Jahr 2009, und Rederer Consultants GmbH, Bielefeld, gegr\u00fcndet im Jahr 1998.<\/p>\n<p>Diese Erfahrung und Kompetenz aus insgesamt \u00fcber 30 Jahren Immobilienwirtschaft sowie das daraus resultierende \u201eKnow-how\u201c stellen wir unseren Kunden vollumf\u00e4nglich zur Verf\u00fcgung.<\/p>\n<p>Eigent\u00fcmer finden hier einen erfahrenen und zuverl\u00e4ssigen Partner f\u00fcr die umfassende Betreuung ihres Grund- und Immobilienbesitzes, Vision\u00e4re, die etwas bewegen wollen, finden einen kompetenten Partner zur Umsetzung Ihrer Ideen im Bereich der Projektentwicklung.<\/p>\n<p>Die Bitter &amp; Co. Immobilienmanagement betreut Wohnungseigent\u00fcmergemeinschaften und Mieth\u00e4user in ganz Ostwestfalen und hier sehen wir die St\u00e4rke: Mit den regionalen Besonderheiten des Makrostandortes Ostwestfalen bestens vertraut zu sein.<\/p>\n<p>Die Bitter &amp; Co. Immobilienmanagement bietet folgende Dienstleistungen an:<\/p>\n<ul>\n<li style=\"list-style-type: none;\">\n<ul>\n<li style=\"list-style-type: none;\">\n<ul>\n<li>WEG-Verwaltung<\/li>\n<li>Sondereigentumsverwaltung<\/li>\n<li>Mietverwaltung<\/li>\n<li>Zwangs- und Notverwaltung<\/li>\n<li>Gewerbeverwaltung<\/li>\n<li>Grundst\u00fccksverwaltung<\/li>\n<li>Vermietung<\/li>\n<li>Verkauf<\/li>\n<li>Projektentwicklungen<\/li>\n<\/ul>\n<\/li>\n<\/ul>\n<\/li>\n<\/ul>\n<p>M\u00f6chten Sie die M\u00f6glichkeiten n\u00e4her kennenlernen, nehmen Sie unverbindlich Kontakt zu uns auf und fordern Sie ein kostenloses Angebot an.<\/p>\n<p><a href=\"https:\/\/rederergmbh.de\/?page_id=76\"><img loading=\"lazy\" decoding=\"async\" class=\"alignright size-thumbnail wp-image-431\" src=\"http:\/\/rederergmbh.de\/wp-content\/uploads\/2018\/03\/post-it-VOR-150x150.jpg\" alt=\"\" width=\"150\" height=\"150\" srcset=\"https:\/\/rederergmbh.de\/wp-content\/uploads\/2018\/03\/post-it-VOR-150x150.jpg 150w, https:\/\/rederergmbh.de\/wp-content\/uploads\/2018\/03\/post-it-VOR-300x300.jpg 300w, https:\/\/rederergmbh.de\/wp-content\/uploads\/2018\/03\/post-it-VOR-768x768.jpg 768w, https:\/\/rederergmbh.de\/wp-content\/uploads\/2018\/03\/post-it-VOR-1024x1024.jpg 1024w, https:\/\/rederergmbh.de\/wp-content\/uploads\/2018\/03\/post-it-VOR-100x100.jpg 100w, https:\/\/rederergmbh.de\/wp-content\/uploads\/2018\/03\/post-it-VOR.jpg 1920w\" sizes=\"(max-width: 150px) 100vw, 150px\" \/><\/a><\/p>\n<\/div><\/div>\n<\/div>\n<\/div>\n","protected":false},"excerpt":{"rendered":"<p>Wir freuen uns, mitteilen zu k\u00f6nnen, da\u00df wir unser Gesch\u00e4ftsfeld synergetisch um die Immobilienverwaltung und das Immobilienmanagement durch eine Kooperation erg\u00e4nzt haben. Diesen T\u00e4tigkeitsbereich \u00fcbernimmt ab sofort die &nbsp; &nbsp; &nbsp; Entstanden ist diese Kooperation aus der langj\u00e4hrigen und vertrauensvollen Zusammenarbeit der Unternehmen Hausverwaltung Teuto &#8211; Thomas Bitter, Bielefeld, gegr\u00fcndet im Jahr 2009, und Rederer &hellip; <\/p>\n<p class=\"link-more\"><a href=\"https:\/\/rederergmbh.de\/?page_id=636\" class=\"more-link\"><span class=\"screen-reader-text\">\u201eVerwaltung\u201c<\/span> weiterlesen<\/a><\/p>\n","protected":false},"author":1,"featured_media":0,"parent":0,"menu_order":0,"comment_status":"closed","ping_status":"closed","template":"","meta":{"footnotes":""},"_links":{"self":[{"href":"https:\/\/rederergmbh.de\/index.php?rest_route=\/wp\/v2\/pages\/636"}],"collection":[{"href":"https:\/\/rederergmbh.de\/index.php?rest_route=\/wp\/v2\/pages"}],"about":[{"href":"https:\/\/rederergmbh.de\/index.php?rest_route=\/wp\/v2\/types\/page"}],"author":[{"embeddable":true,"href":"https:\/\/rederergmbh.de\/index.php?rest_route=\/wp\/v2\/users\/1"}],"replies":[{"embeddable":true,"href":"https:\/\/rederergmbh.de\/index.php?rest_route=%2Fwp%2Fv2%2Fcomments&post=636"}],"version-history":[{"count":13,"href":"https:\/\/rederergmbh.de\/index.php?rest_route=\/wp\/v2\/pages\/636\/revisions"}],"predecessor-version":[{"id":675,"href":"https:\/\/rederergmbh.de\/index.php?rest_route=\/wp\/v2\/pages\/636\/revisions\/675"}],"wp:attachment":[{"href":"https:\/\/rederergmbh.de\/index.php?rest_route=%2Fwp%2Fv2%2Fmedia&parent=636"}],"curies":[{"name":"wp","href":"https:\/\/api.w.org\/{rel}","templated":true}]}}