{"id":77,"date":"2017-10-16T15:03:52","date_gmt":"2017-10-16T15:03:52","guid":{"rendered":"http:\/\/s316935929.online.de\/?page_id=77"},"modified":"2024-05-03T09:18:07","modified_gmt":"2024-05-03T09:18:07","slug":"impressum","status":"publish","type":"page","link":"https:\/\/rederergmbh.de\/?page_id=77","title":{"rendered":"Impressum \/ Datenschutz"},"content":{"rendered":"<p><span style=\"font-family: helvetica,arial,sans-serif;\">Verantwortungsbereich<\/span><br \/>\n<span style=\"font-family: helvetica,arial,sans-serif;\">Das Impressum erhebt nur f\u00fcr die Internetpr\u00e4senz unter der Adresse http:\/\/www.RedererGmbH.de Anspruch auf G\u00fcltigkeit.<\/span><\/p>\n<p><span style=\"font-family: helvetica,arial,sans-serif;\">Diensteanbieter<\/span><br \/>\n<span style=\"font-family: helvetica,arial,sans-serif; font-size: 12pt;\">Rederer Consultants Beratungsgesellschaft f\u00fcr Grundbesitzinvestitionen mbH<\/span><br \/>\n<span style=\"font-family: helvetica,arial,sans-serif;\">Amtsgericht Bielefeld HR B 36122<\/span><br \/>\n<span style=\"font-family: helvetica,arial,sans-serif;\">UmsatzSt-Ident-Nr.: DE 195 164 444<\/span><\/p>\n<p><span style=\"font-family: helvetica,arial,sans-serif;\">Gem\u00e4\u00df <\/span><span class=\"dsgvo-number\" style=\"font-family: helvetica,arial,sans-serif; font-size: 12pt;\">Art. 21 DSGVO <\/span><span style=\"font-family: helvetica,arial,sans-serif;\">widersprechen wir jeder kommerziellen Verwendung und Weitergabe unserer Daten auch unter Ma\u00dfgabe der \u00a7\u00a7 28 BDSG (neu) und 89 <span class=\"dsgvo-number\">DSGVO<\/span><br \/>\n<\/span><\/p>\n<p><span style=\"font-family: helvetica,arial,sans-serif;\">Vertretungsberechtigter<\/span><br \/>\n<span style=\"font-family: helvetica,arial,sans-serif;\">Claus F.M. Beckschewe, Gesch\u00e4ftsf\u00fchrer<\/span><\/p>\n<p><span style=\"font-family: helvetica,arial,sans-serif;\">Anschrift Rederer Consultants GmbH<\/span><br \/>\n<span style=\"font-family: helvetica,arial,sans-serif;\">Oelm\u00fchlenstr. 105<\/span><br \/>\n<span style=\"font-family: helvetica,arial,sans-serif;\">D-33604 Bielefeld<\/span><\/p>\n<p><span style=\"font-family: helvetica,arial,sans-serif;\">Elektronische Postadresse<\/span><br \/>\npost [ad] rederergmbh.de<\/p>\n<p><span style=\"font-family: helvetica,arial,sans-serif;\">Telefonische Kommunikation<\/span><br \/>\n<span style=\"font-family: helvetica,arial,sans-serif;\">0521 &#8211; 29 5000<\/span><\/p>\n<p><span style=\"font-family: helvetica,arial,sans-serif;\">Haftungsausschluss<\/span><\/p>\n<p><span style=\"font-family: helvetica,arial,sans-serif;\">1. Inhalt des Online-Angebotes<\/span><\/p>\n<p><span style=\"font-family: helvetica,arial,sans-serif;\">Die Inhalte dieses Webprojektes wurden sorgf\u00e4ltig gepr\u00fcft und nach bestem Wissen erstellt. Rederer Consultants GmbH \u00fcbernimmt keinerlei Gew\u00e4hr f\u00fcr die Aktualit\u00e4t, Korrektheit, Vollst\u00e4ndigkeit oder Qualit\u00e4t der bereitgestellten Informationen. Haftungsanspr\u00fcche gegen Rederer Consultants GmbH, welche sich auf Sch\u00e4den ideeller oder materieller Art beziehen, die durch die Nutzung oder Nichtnutzung der dargebotenen Informationen bzw. durch die Nutzung fehrlerhafter oder unvollst\u00e4ndiger Informationen verursacht werden, sind ausdr\u00fccklich ausgeschlossen, sofern seitens Rederer Consultants GmbH kein nachweislich vors\u00e4tzliches oder grob fahrl\u00e4ssiges Verschulden vorliegt. Alle Angebote sind freibleibend und unverbindlich. Rederer Consultants GmbH beh\u00e4lt es sich ausdr\u00fccklich vor, Teile der Seiten oder das gesamte Angebot ohne gesonderte Ank\u00fcndigung zu ver\u00e4ndern, zu erg\u00e4nzen zu l\u00f6schen oder die Ver\u00f6ffentlichung zeitweise oder endg\u00fcltig einzustellen. Sofern innerhalb des Internetangebotes die M\u00f6glichkeit zur Eingabe pers\u00f6nlicher oder gesch\u00e4ftlicher Daten (E-Mailadressen, Namen, Anschriften) besteht, so erfolgt die Preisgabe dieser Daten seitens des Nutzers auf ausdr\u00fccklich freiwilliger Basis.<\/span><\/p>\n<p><span style=\"font-family: helvetica,arial,sans-serif;\">2. Verweise und Links<\/span><\/p>\n<p><span style=\"font-family: helvetica,arial,sans-serif;\">Bei direkten oder indirekten verweisen auf fremde Internetseiten (&#8222;Links&#8220;), die au\u00dferhalb des Verantwortungsbereiches von Rederer Consultants GmbH liegen, w\u00fcrde eine Haftungsverpflichtung ausschlie\u00dflich in dem Fall in Kraft treten, in dem Rederer Consultants GmbH von dem Inhalt Kenntnis hat uns es ihr technisch m\u00f6glich und zumutbar w\u00e4re, die Nutzung im Fall rechtswidriger zu verhindern. Rederer Consultants GmbH hat keinerlei Einflu\u00df auf die aktuelle und zuk\u00fcnftige Gestaltung und auf die Inhalte der verlinkten Seiten.Deshalb distanziert sich Rederer Consultants GmbH hiermit ausdr\u00fccklich von allen illegalen, fehlerhaften oder unvollst\u00e4ndigen Inhalten. Diese Feststellung gilt f\u00fcr alle innerhalb des eigenen Internetangebotes gesetzten Links und Verweise sowie f\u00fcr Fremdeintr\u00e4ge in von Rederer Consultants GmbH eingerichteten G\u00e4steb\u00fcchern, Diskussionsforen und Mailinglisten. F\u00fcr illegale, fehlerhafte oder unvollst\u00e4ndige Inhalte und insbesondere f\u00fcr Sch\u00e4den, die aus der Nutzung oder Nichtnutzung solcherart dargebotenen Informationen entstehen, haftet allein der Anbieter der Seite, auf welche verwiesen wurde, nicht derjenige, der \u00fcber Links auf die jeweilige Ver\u00f6ffentlichung lediglich verweist.<\/span><\/p>\n<p><span style=\"font-family: helvetica,arial,sans-serif;\">3. Urheber- und Kennzeichenrecht<\/span><\/p>\n<p><span style=\"font-family: helvetica,arial,sans-serif;\">Rederer Consultants ist bestrebt, in allen Publikationen die Urheberrechte der verwendeten Grafiken, Tondokumente, Videosequenzen und Texte zu beachten, von ihr selbst erstellte Grafiken, Tondokumente, Videosequenzen und Texte zu nutzen oder auf lizenzfreie Grafiken, Tondokumente, Videosequenzen und Texte zur\u00fcckzugreifen.<\/span><br \/>\n<span style=\"font-family: helvetica,arial,sans-serif;\">Alle innerhalb des Internets genannten und ggf. durch Dritte gesch\u00fctzten Marken- und Warenzeichen unterliegen uneingeschr\u00e4nkt den Bestimmungen des jeweils g\u00fcltigen Kennzeichnungsrechtes und den Besitzrechten der jeweiligen eingetragenen Eigent\u00fcmer. Allein aufgrund der blo\u00dfen Nennung ist nicht der Schlu\u00df zu ziehen, dass Markenzeichen nicht durch die Rechte Dritter gesch\u00fctzt sind.<\/span><br \/>\n<span style=\"font-family: helvetica,arial,sans-serif;\">Falls die berechtigte Vermutung besteht, da\u00df von dieser Website aus Schutzrechte eines Dritten verletzt werden, bittet Rederer Consultants GmbH um eine umgehende Mitteilung an die oben n\u00e4her bezeichnete Kontaktadresse f\u00fcr elektronische Post, damit z\u00fcgig Abhilfe geschaffen werden kann. Die zeitaufw\u00e4ndigere Einschaltung eines Anwaltes zum Zweck den Diensteanbieter kostenpflichtig abzumahnen entspricht nicht dessen wirklichen oder mu\u00dfma\u00dflichen Willen. <\/span><br \/>\n<span style=\"font-family: helvetica,arial,sans-serif;\">Das Copyright f\u00fcr ver\u00f6ffentlichte, von Rederer Consultants GmbH selbst erstellte Objekte bleibt allein bei Rederer Consultants GmbH.<\/span><\/p>\n<p><span style=\"font-family: helvetica,arial,sans-serif;\">4. Rechtswirksamkeit dieses Haftungsausschlusses<\/span><\/p>\n<p><span style=\"font-family: helvetica,arial,sans-serif;\">Dieser Haftungsausschluss ist als Teil des Internetangebotes zu betrachten, von dem aus auf diese Seite verwiesen wurde. Sofern Teile oder einzelne Formulierungen dieses Textes der geltenden Rechtslage nicht, nicht mehr oder nicht vollst\u00e4ndig entsprechen sollten, bleiben die \u00fcbrigen Teile des Dokumentes in ihrem Inhalt und ihrer G\u00fcltigkeit davon unber\u00fchrt.<\/span><\/p>\n<p><strong>Datenschutzerkl\u00e4rung<\/strong><\/p>\n<p><u>Kontaktdaten des Verantwortlichen, Art. 13 Abs. 1 lit. a DSGVO<\/u><br \/>\nsiehe oben<\/p>\n<p><u>Zwecke und Rechtsgrundlage f\u00fcr die Datenverarbeitung, Art. 13 Abs. 1 lit. c und d DSGVO<\/u><br \/>\nWir erheben und verarbeiten KEINE personenbezogene Daten. Wir verwenden<\/p>\n<ul>\n<li>KEINE Kontaktformulare<\/li>\n<li>KEINE Online-Shop-Systeme<\/li>\n<li>KEINE Newsletter-Angebote<\/li>\n<li>KEINE Payment-Vorg\u00e4nge<\/li>\n<\/ul>\n<p>Bei jedem Aufruf unserer Internetseite erfasst unser System automatisiert Daten und Informationen vom Computersystem des aufrufenden Rechners. Folgende Daten werden hierbei erhoben, sofern diese aufgrund Ihrer Browsereinstellung \u00fcbermittelt werden:<\/p>\n<ul>\n<li>Informationen \u00fcber den Browsertyp und die verwendete Version<\/li>\n<li>Das Betriebssystem des Nutzers<\/li>\n<li>Die IP-Adresse des Nutzers<\/li>\n<li>Datum und Uhrzeit des Zugriffs<\/li>\n<li>Die letzte Website, von denen das System des Nutzers auf unsere Internetseite gelangt<\/li>\n<\/ul>\n<p>Die Daten werden kurzfristig in den Logfiles unseres Systems gespeichert. Eine Speicherung dieser Daten zusammen mit anderen personenbezogenen Daten des Nutzers findet nicht statt.<\/p>\n<p>Rechtsgrundlage f\u00fcr die vor\u00fcbergehende Speicherung der Daten und der Logfiles ist Art.\u00a06 Abs.\u00a01 lit.\u00a0f DSGVO.<\/p>\n<p>Die vor\u00fcbergehende Speicherung der IP-Adresse durch das System ist notwendig, um eine Auslieferung der Website an den Rechner des Nutzers zu erm\u00f6glichen. Hierf\u00fcr muss die IP-Adresse des Nutzers f\u00fcr die Dauer der Sitzung gespeichert bleiben. Die Speicherung in Logfiles erfolgt, um die Funktionsf\u00e4higkeit der Website sicherzustellen. Zudem dienen uns die Daten zur Optimierung der Website und zur Sicherstellung der Sicherheit unserer informationstechnischen Systeme. In diesen Zwecken liegt unser berechtigtes Interesse an der Datenverarbeitung nach Art.\u00a06 Abs.\u00a01 lit.\u00a0f DSGVO.<\/p>\n<p>Die Daten werden gel\u00f6scht, sobald sie f\u00fcr die Erreichung des Zweckes ihrer Erhebung nicht mehr erforderlich sind.<\/p>\n<p>Die Erfassung der Daten zur Bereitstellung der Website und die Speicherung der Daten in Logfiles ist f\u00fcr den Betrieb der Internetseite zwingend erforderlich. Es besteht folglich seitens des Nutzers keine Widerspruchsm\u00f6glichkeit.<\/p>\n<p>Soweit Sie in anderer Form als mittels einer HTTP- oder HTTPS-Verbindung auf von uns betriebene informationstechnische Systeme zugreifen und dabei versuchen Zugriffsbeschr\u00e4nkungen (etwa Passworteingaben) zu umgehen oder mittels einer HTTP- oder HTTPS-Verbindung automatisiert und wiederholt nicht f\u00fcr diese Zwecke zugelassene Teile der Datenbank abzufragen, wird Ihnen der Zugriff auf unsere informationstechnischen Systeme verweigert. Hierf\u00fcr wird Ihre IP-Adresse f\u00fcr diesen Zeitraum gespeichert und verarbeitet.<\/p>\n<p>F\u00fcr diese Datenverarbeitung berufen wir uns auf Art. 6 Abs. 1 lit. f DSGVO als Rechtsgrundlage. Sie dient der Sicherung der Sicherheit und Integrit\u00e4t unserer informationstechnischen Systeme und insoweit liegt unser berechtigtes Interesse in der Sicherstellung des reibungslosen und sicheren Betriebs unserer informationstechnischen Systeme.<\/p>\n<p>Nehmen Sie mit uns als Websitebetreiber durch die angebotenen Kontaktm\u00f6glichkeiten Verbindung auf, werden Ihre Angaben gespeichert, damit auf diese zur Bearbeitung und Beantwortung Ihrer Anfrage zur\u00fcckgegriffen werden kann. Ohne Ihre Einwilligung werden diese Daten nicht an Dritte weitergegeben.<\/p>\n<p><u>Empf\u00e4nger oder Kategorien von Empf\u00e4ngern der personenbezogenen Daten, Art. 13 Abs. 1 lit. e DSGVO<\/u><br \/>\nEine \u00dcbermittlung Ihrer pers\u00f6nlichen Daten an Dritte zu anderen als den im Folgenden aufgef\u00fchrten Zwecken findet nicht statt. Wir geben Ihre pers\u00f6nlichen Daten nur an Dritte weiter, wenn:<\/p>\n<ul>\n<li>Sie Ihre nach Art. 6 Abs. 1 S. 1 lit. a DSGVO ausdr\u00fcckliche Einwilligung dazu erteilt haben,<\/li>\n<li>Sie mit uns \u00fcber Email korrespondieren, so dass wir davon ausgehen k\u00f6nnen, dass Sie mit der Verarbeitung und Speicherung dieser Daten zum Zwecke der Kommunikation anl\u00e4sslich der zu bearbeitenden Angelegenheit einverstanden sind, wenn Sie nicht ausdr\u00fccklich widersprechen,<\/li>\n<li>die Weitergabe nach Art. 6 Abs. 1 S. 1 lit. f DSGVO zur Geltendmachung, Aus\u00fcbung oder Verteidigung von Rechtsanspr\u00fcchen erforderlich ist und kein Grund zur Annahme besteht,\u00a0 dass Sie ein \u00fcberwiegendes schutzw\u00fcrdiges Interesse an der Nichtweitergabe Ihrer Daten haben,<\/li>\n<li>f\u00fcr den Fall, dass f\u00fcr die Weitergabe nach Art. 6 Abs. 1 S. 1 lit. c DSGVO eine gesetzliche Verpflichtung besteht,<\/li>\n<li>sowie dies gesetzlich zul\u00e4ssig und nach Art. 6 Abs. 1 S. 1 lit. b DSGVO f\u00fcr die Abwicklung von Vertragsverh\u00e4ltnissen mit Ihnen erforderlich ist.<\/li>\n<\/ul>\n<p><u>Absicht des Verantwortlichen, die personenbezogenen Daten an einen Empf\u00e4nger in einem Drittland oder einer internationalen Organisation zu \u00fcbermitteln, Art. 13 Abs. 1 lit. f DSGVO<\/u><br \/>\nEine \u00dcbermittlung personenbezogener Daten an Empf\u00e4nger in Drittl\u00e4nder oder an internationale Organisationen findet nicht statt.<\/p>\n<p><u>Dauer der Speicherung personenbezogener Daten bzw. Kriterien f\u00fcr die Festlegung der Dauer, Art. 13 Abs. 2 lit. a DSGVO<\/u><br \/>\nDie Speicherung der IP Adresse zur technischen \u00dcbertragung der von Ihnen angeforderten Internetseite findet im Zeitraum der Zusammenstellung und \u00dcbertragung der von Ihnen angeforderten Informationen statt, also sp\u00e4testens bis das informationstechnische System, zu dem Ihr Browser eine HTTPS-Verbindung aufbaut diese Verbindung schlie\u00dft. Dies erfolgt durch den Webserver sp\u00e4testens 75 Sekunden nach dem letzten Datentransfer. Soweit die Speicherung zur Sicherung der Sicherheit und Integrit\u00e4t unserer informationstechnischen Systeme bei unberechtigten Zugriffen erfolgt, so findet eine Speicherung bis sp\u00e4testens 24 Stunde nach dem letzten unberechtigten Zugriff statt.<\/p>\n<p><u>Betroffenenrechte, Art. 13 Abs. 2 lit. b DSGVO<\/u><br \/>\nIhnen stehen aus der Datenschutzgrundverordnung verschiedene Betroffenenrechte zu:<\/p>\n<ul>\n<li>Sie haben das Recht, von uns Auskunft \u00fcber die bei uns gespeicherten personenbezogenen Daten zu verlangen, Art. 15 DSGVO.<\/li>\n<li>Sie haben das Recht, die Berichtigung unrichtiger personenbezogener Daten verlangen, Art. 16 DSGVO.<\/li>\n<li>Sie haben unter den Voraussetzungen des Art. 17 DSGVO das Recht, die L\u00f6schung der Sie betreffenden personenbezogenen Daten zu verlangen.<\/li>\n<li>Sie haben unter den Voraussetzungen des Art. 18 DSGVO das Recht, die Einschr\u00e4nkung der Verarbeitung der Sie betreffenden personenbezogenen Daten verlangen.<\/li>\n<li>Sie haben das Recht, soweit Sie uns personenbezogene Daten zur Verf\u00fcgung gestellt haben, diese Daten in einem strukturierten, g\u00e4ngigen und maschinenlesbaren Format zu erhalten und, soweit dies technisch machbar ist, die \u00dcbermittlung an einen anderen Verantwortlichen zu erwirken, Art. 20 DSGVO.<\/li>\n<\/ul>\n<p>Soweit die Verarbeitung auf Grundlage von Art. 6 Abs. 1 lit. e oder f DSGVO erfolgt, haben Sie das Recht, jederzeit der Verarbeitung der Sie betreffenden personenbezogenen Daten zu widersprechen.<\/p>\n<p><u>Beschwerderecht, Art. 13 Abs. 2 lit. d DSGVO<\/u><br \/>\nNeben den genannten Betroffenenrechten steht Ihnen auch das Recht zu, sich bei einer zust\u00e4ndigen Aufsichtsbeh\u00f6rde zu beschweren. Eine Liste der Aufsichtsbeh\u00f6rden finden Sie auf den Internetseiten der <a href=\"https:\/\/www.bfdi.bund.de\/DE\/Infothek\/Anschriften_Links\/anschriften_links-node.html\">Bundesbeauftragten f\u00fcr den Datenschutz und die Informationsfreiheit (BfDI)<\/a>.<\/p>\n<p>&nbsp;<\/p>\n<p><span style=\"font-family: helvetica,arial,sans-serif;\">Konzeptionelle Beratung, Screendesign und technische Umsetzung<\/span><br \/>\n<span style=\"font-family: helvetica,arial,sans-serif;\">CBC Consulting, Bielefeld<\/span><\/p>\n<p><a href=\"https:\/\/rederergmbh.de\/\"><img loading=\"lazy\" decoding=\"async\" class=\"alignright size-thumbnail wp-image-431\" src=\"http:\/\/rederergmbh.de\/wp-content\/uploads\/2018\/03\/post-it-VOR-150x150.jpg\" alt=\"\" width=\"150\" height=\"150\" srcset=\"https:\/\/rederergmbh.de\/wp-content\/uploads\/2018\/03\/post-it-VOR-150x150.jpg 150w, https:\/\/rederergmbh.de\/wp-content\/uploads\/2018\/03\/post-it-VOR-300x300.jpg 300w, https:\/\/rederergmbh.de\/wp-content\/uploads\/2018\/03\/post-it-VOR-768x768.jpg 768w, https:\/\/rederergmbh.de\/wp-content\/uploads\/2018\/03\/post-it-VOR-1024x1024.jpg 1024w, https:\/\/rederergmbh.de\/wp-content\/uploads\/2018\/03\/post-it-VOR-100x100.jpg 100w, https:\/\/rederergmbh.de\/wp-content\/uploads\/2018\/03\/post-it-VOR.jpg 1920w\" sizes=\"(max-width: 150px) 100vw, 150px\" \/><\/a><\/p>\n","protected":false},"excerpt":{"rendered":"<p>Verantwortungsbereich Das Impressum erhebt nur f\u00fcr die Internetpr\u00e4senz unter der Adresse http:\/\/www.RedererGmbH.de Anspruch auf G\u00fcltigkeit. Diensteanbieter Rederer Consultants Beratungsgesellschaft f\u00fcr Grundbesitzinvestitionen mbH Amtsgericht Bielefeld HR B 36122 UmsatzSt-Ident-Nr.: DE 195 164 444 Gem\u00e4\u00df Art. 21 DSGVO widersprechen wir jeder kommerziellen Verwendung und Weitergabe unserer Daten auch unter Ma\u00dfgabe der \u00a7\u00a7 28 BDSG (neu) und 89 &hellip; <\/p>\n<p class=\"link-more\"><a href=\"https:\/\/rederergmbh.de\/?page_id=77\" class=\"more-link\"><span class=\"screen-reader-text\">\u201eImpressum \/ Datenschutz\u201c<\/span> weiterlesen<\/a><\/p>\n","protected":false},"author":1,"featured_media":417,"parent":0,"menu_order":5000,"comment_status":"closed","ping_status":"closed","template":"","meta":{"footnotes":""},"_links":{"self":[{"href":"https:\/\/rederergmbh.de\/index.php?rest_route=\/wp\/v2\/pages\/77"}],"collection":[{"href":"https:\/\/rederergmbh.de\/index.php?rest_route=\/wp\/v2\/pages"}],"about":[{"href":"https:\/\/rederergmbh.de\/index.php?rest_route=\/wp\/v2\/types\/page"}],"author":[{"embeddable":true,"href":"https:\/\/rederergmbh.de\/index.php?rest_route=\/wp\/v2\/users\/1"}],"replies":[{"embeddable":true,"href":"https:\/\/rederergmbh.de\/index.php?rest_route=%2Fwp%2Fv2%2Fcomments&post=77"}],"version-history":[{"count":22,"href":"https:\/\/rederergmbh.de\/index.php?rest_route=\/wp\/v2\/pages\/77\/revisions"}],"predecessor-version":[{"id":703,"href":"https:\/\/rederergmbh.de\/index.php?rest_route=\/wp\/v2\/pages\/77\/revisions\/703"}],"wp:featuredmedia":[{"embeddable":true,"href":"https:\/\/rederergmbh.de\/index.php?rest_route=\/wp\/v2\/media\/417"}],"wp:attachment":[{"href":"https:\/\/rederergmbh.de\/index.php?rest_route=%2Fwp%2Fv2%2Fmedia&parent=77"}],"curies":[{"name":"wp","href":"https:\/\/api.w.org\/{rel}","templated":true}]}}